{"id":8022,"date":"2015-07-31T10:47:59","date_gmt":"2015-07-31T10:47:59","guid":{"rendered":"http:\/\/selwoholidayhome.com\/sv\/holiday-homes-in-spain"},"modified":"2016-03-17T15:54:34","modified_gmt":"2016-03-17T15:54:34","slug":"holiday-homes-in-spain","status":"publish","type":"page","link":"https:\/\/selwoholidayhome.com\/sv\/holiday-homes-in-spain\/","title":{"rendered":"Holiday Homes in Spain"},"content":{"rendered":"<div class=\"wpb-content-wrapper\"><p>[vc_row full_width=&#8221;&#8221; parallax=&#8221;&#8221; parallax_image=&#8221;&#8221; bg_image_repeat=&#8221;&#8221; parallax_no_mobile=&#8221;&#8221; parallax_velocity=&#8221;0.1&#8243; bg_video=&#8221;&#8221; inner_container=&#8221;&#8221; border=&#8221;&#8221; padding_top=&#8221;20&#8243; padding_bottom=&#8221;20&#8243; visibility=&#8221;all&#8221;][vc_column width=&#8221;1\/3&#8243; alignment=&#8221;left&#8221; animation=&#8221;&#8221; animation_offset=&#8221;40&#8243; animation_delay=&#8221;0&#8243; animation_duration=&#8221;1000&#8243; visibility=&#8221;all&#8221;][vc_column_text visibility=&#8221;all&#8221;]<a href=\"https:\/\/selwoholidayhome.com\/sv\/karta-over-semesterbostader-nara-marbella\/\"><img loading=\"lazy\" decoding=\"async\" class=\"alignnone wp-image-8071 size-medium\" src=\"http:\/\/selwoholidayhome.com\/wp-content\/uploads\/2015\/07\/google-maps-icon-300x207.jpg\" alt=\"\" width=\"300\" height=\"207\" srcset=\"https:\/\/selwoholidayhome.com\/wp-content\/uploads\/2015\/07\/google-maps-icon-300x207.jpg?v=1749846785 300w, https:\/\/selwoholidayhome.com\/wp-content\/uploads\/2015\/07\/google-maps-icon.jpg?v=1749846785 450w\" sizes=\"auto, (max-width: 300px) 100vw, 300px\" \/><\/a><\/p>\n<p><a href=\"https:\/\/selwoholidayhome.com\/sv\/karta-over-semesterbostader-nara-marbella\/\">S\u00f6k p\u00e5 Karta<\/a>[\/vc_column_text][\/vc_column][vc_column width=&#8221;1\/3&#8243; alignment=&#8221;left&#8221; animation=&#8221;&#8221; animation_offset=&#8221;40&#8243; animation_delay=&#8221;0&#8243; animation_duration=&#8221;1000&#8243; visibility=&#8221;all&#8221;][vc_column_text visibility=&#8221;all&#8221;]<a href=\"https:\/\/selwoholidayhome.com\/sv\/status\/uthyres\/\"><img loading=\"lazy\" decoding=\"async\" class=\"alignnone wp-image-8089\" src=\"http:\/\/selwoholidayhome.com\/wp-content\/uploads\/2015\/07\/search-by-list1.png\" alt=\"\" width=\"186\" height=\"207\" \/><\/a><\/p>\n<p><a href=\"https:\/\/selwoholidayhome.com\/sv\/status\/uthyres\/\">Semesterbost\u00e4der uthyres<\/a>[\/vc_column_text][\/vc_column][vc_column width=&#8221;1\/3&#8243; alignment=&#8221;&#8221; animation=&#8221;&#8221; animation_offset=&#8221;40&#8243; animation_delay=&#8221;0&#8243; animation_duration=&#8221;1000&#8243; visibility=&#8221;all&#8221;][vc_column_text visibility=&#8221;all&#8221;]<a href=\"http:\/\/selwoholidayhome.com\/wp-content\/uploads\/2015\/07\/For-sale.jpg\" rel=\"attachment wp-att-9647\"><img loading=\"lazy\" decoding=\"async\" class=\"alignnone size-medium wp-image-9647\" src=\"http:\/\/selwoholidayhome.com\/wp-content\/uploads\/2015\/07\/For-sale-300x244.jpg\" alt=\"For sale\" width=\"300\" height=\"244\" \/><\/a><\/p>\n<p><a href=\"https:\/\/selwoholidayhome.com\/sv\/status\/saljes\/\">Semesterboenden till salu!<\/a>[\/vc_column_text][\/vc_column][\/vc_row]<\/p>\n<\/div>","protected":false},"excerpt":{"rendered":"<p>[vc_row full_width=&#8221;&#8221; parallax=&#8221;&#8221; parallax_image=&#8221;&#8221; bg_image_repeat=&#8221;&#8221; parallax_no_mobile=&#8221;&#8221; parallax_velocity=&#8221;0.1&#8243; bg_video=&#8221;&#8221; inner_container=&#8221;&#8221; border=&#8221;&#8221; padding_top=&#8221;20&#8243; padding_bottom=&#8221;20&#8243; visibility=&#8221;all&#8221;][vc_column width=&#8221;1\/3&#8243; alignment=&#8221;left&#8221; animation=&#8221;&#8221; animation_offset=&#8221;40&#8243; animation_delay=&#8221;0&#8243; animation_duration=&#8221;1000&#8243; visibility=&#8221;all&#8221;][vc_column_text visibility=&#8221;all&#8221;] S\u00f6k p\u00e5 Karta[\/vc_column_text][\/vc_column][vc_column width=&#8221;1\/3&#8243; alignment=&#8221;left&#8221; animation=&#8221;&#8221; animation_offset=&#8221;40&#8243; animation_delay=&#8221;0&#8243; animation_duration=&#8221;1000&#8243; visibility=&#8221;all&#8221;][vc_column_text visibility=&#8221;all&#8221;] Semesterbost\u00e4der uthyres[\/vc_column_text][\/vc_column][vc_column width=&#8221;1\/3&#8243; alignment=&#8221;&#8221; animation=&#8221;&#8221; animation_offset=&#8221;40&#8243; animation_delay=&#8221;0&#8243; animation_duration=&#8221;1000&#8243; visibility=&#8221;all&#8221;][vc_column_text visibility=&#8221;all&#8221;] Semesterboenden till salu![\/vc_column_text][\/vc_column][\/vc_row]<\/p>\n","protected":false},"author":8,"featured_media":0,"parent":0,"menu_order":0,"comment_status":"closed","ping_status":"closed","template":"","meta":{"footnotes":""},"class_list":["post-8022","page","type-page","status-publish","hentry","no-featured"],"yoast_head":"<!-- This site is optimized with the Yoast SEO plugin v26.0 - https:\/\/yoast.com\/wordpress\/plugins\/seo\/ -->\n<title>Holiday Homes in Spain &#8226; Selwo Holiday Home<\/title>\n<meta name=\"description\" content=\"S\u00f6k p\u00e5 Karta  Semesterbost\u00e4der uthyres  Semesterboenden till salu!\" \/>\n<meta name=\"robots\" content=\"index, follow, max-snippet:-1, max-image-preview:large, max-video-preview:-1\" \/>\n<link rel=\"canonical\" href=\"https:\/\/selwoholidayhome.com\/sv\/holiday-homes-in-spain\/\" \/>\n<meta property=\"og:locale\" content=\"sv_SE\" \/>\n<meta property=\"og:type\" content=\"article\" \/>\n<meta property=\"og:title\" content=\"Holiday Homes in Spain &#8226; Selwo Holiday Home\" \/>\n<meta property=\"og:description\" content=\"S\u00f6k p\u00e5 Karta  Semesterbost\u00e4der uthyres  Semesterboenden till salu!\" \/>\n<meta property=\"og:url\" content=\"https:\/\/selwoholidayhome.com\/sv\/holiday-homes-in-spain\/\" \/>\n<meta property=\"og:site_name\" content=\"Selwo Holiday Home\" \/>\n<meta property=\"article:modified_time\" content=\"2016-03-17T15:54:34+00:00\" \/>\n<meta property=\"og:image\" content=\"http:\/\/selwoholidayhome.com\/wp-content\/uploads\/2015\/07\/google-maps-icon-300x207.jpg\" \/>\n<meta name=\"twitter:card\" content=\"summary_large_image\" \/>\n<meta name=\"twitter:label1\" content=\"Ber\u00e4knad l\u00e4stid\" \/>\n\t<meta name=\"twitter:data1\" content=\"1 minut\" \/>\n<script type=\"application\/ld+json\" class=\"yoast-schema-graph\">{\"@context\":\"https:\/\/schema.org\",\"@graph\":[{\"@type\":\"WebPage\",\"@id\":\"https:\/\/selwoholidayhome.com\/sv\/holiday-homes-in-spain\/\",\"url\":\"https:\/\/selwoholidayhome.com\/sv\/holiday-homes-in-spain\/\",\"name\":\"Holiday Homes in Spain &#8226; Selwo Holiday Home\",\"isPartOf\":{\"@id\":\"https:\/\/selwoholidayhome.com\/#website\"},\"primaryImageOfPage\":{\"@id\":\"https:\/\/selwoholidayhome.com\/sv\/holiday-homes-in-spain\/#primaryimage\"},\"image\":{\"@id\":\"https:\/\/selwoholidayhome.com\/sv\/holiday-homes-in-spain\/#primaryimage\"},\"thumbnailUrl\":\"http:\/\/selwoholidayhome.com\/wp-content\/uploads\/2015\/07\/google-maps-icon-300x207.jpg\",\"datePublished\":\"2015-07-31T10:47:59+00:00\",\"dateModified\":\"2016-03-17T15:54:34+00:00\",\"description\":\"S\u00f6k p\u00e5 Karta Semesterbost\u00e4der uthyres Semesterboenden till salu!\",\"breadcrumb\":{\"@id\":\"https:\/\/selwoholidayhome.com\/sv\/holiday-homes-in-spain\/#breadcrumb\"},\"inLanguage\":\"sv-SE\",\"potentialAction\":[{\"@type\":\"ReadAction\",\"target\":[\"https:\/\/selwoholidayhome.com\/sv\/holiday-homes-in-spain\/\"]}]},{\"@type\":\"ImageObject\",\"inLanguage\":\"sv-SE\",\"@id\":\"https:\/\/selwoholidayhome.com\/sv\/holiday-homes-in-spain\/#primaryimage\",\"url\":\"http:\/\/selwoholidayhome.com\/wp-content\/uploads\/2015\/07\/google-maps-icon-300x207.jpg\",\"contentUrl\":\"http:\/\/selwoholidayhome.com\/wp-content\/uploads\/2015\/07\/google-maps-icon-300x207.jpg\"},{\"@type\":\"BreadcrumbList\",\"@id\":\"https:\/\/selwoholidayhome.com\/sv\/holiday-homes-in-spain\/#breadcrumb\",\"itemListElement\":[{\"@type\":\"ListItem\",\"position\":1,\"name\":\"Home\",\"item\":\"https:\/\/selwoholidayhome.com\/sv\/\"},{\"@type\":\"ListItem\",\"position\":2,\"name\":\"Holiday Homes in Spain\"}]},{\"@type\":\"WebSite\",\"@id\":\"https:\/\/selwoholidayhome.com\/#website\",\"url\":\"https:\/\/selwoholidayhome.com\/\",\"name\":\"Selwo Holiday Home\",\"description\":\"Apartments for rent on the Costa del Sol\",\"publisher\":{\"@id\":\"https:\/\/selwoholidayhome.com\/#organization\"},\"potentialAction\":[{\"@type\":\"SearchAction\",\"target\":{\"@type\":\"EntryPoint\",\"urlTemplate\":\"https:\/\/selwoholidayhome.com\/?s={search_term_string}\"},\"query-input\":{\"@type\":\"PropertyValueSpecification\",\"valueRequired\":true,\"valueName\":\"search_term_string\"}}],\"inLanguage\":\"sv-SE\"},{\"@type\":\"Organization\",\"@id\":\"https:\/\/selwoholidayhome.com\/#organization\",\"name\":\"Selwo Holiday Home\",\"url\":\"https:\/\/selwoholidayhome.com\/\",\"logo\":{\"@type\":\"ImageObject\",\"inLanguage\":\"sv-SE\",\"@id\":\"https:\/\/selwoholidayhome.com\/#\/schema\/logo\/image\/\",\"url\":\"https:\/\/selwoholidayhome.com\/wp-content\/uploads\/2015\/07\/selwo-logo-01.png\",\"contentUrl\":\"https:\/\/selwoholidayhome.com\/wp-content\/uploads\/2015\/07\/selwo-logo-01.png\",\"width\":317,\"height\":201,\"caption\":\"Selwo Holiday Home\"},\"image\":{\"@id\":\"https:\/\/selwoholidayhome.com\/#\/schema\/logo\/image\/\"}}]}<\/script>\n<!-- \/ Yoast SEO plugin. -->","yoast_head_json":{"title":"Holiday Homes in Spain &#8226; Selwo Holiday Home","description":"S\u00f6k p\u00e5 Karta  Semesterbost\u00e4der uthyres  Semesterboenden till salu!","robots":{"index":"index","follow":"follow","max-snippet":"max-snippet:-1","max-image-preview":"max-image-preview:large","max-video-preview":"max-video-preview:-1"},"canonical":"https:\/\/selwoholidayhome.com\/sv\/holiday-homes-in-spain\/","og_locale":"sv_SE","og_type":"article","og_title":"Holiday Homes in Spain &#8226; Selwo Holiday Home","og_description":"S\u00f6k p\u00e5 Karta  Semesterbost\u00e4der uthyres  Semesterboenden till salu!","og_url":"https:\/\/selwoholidayhome.com\/sv\/holiday-homes-in-spain\/","og_site_name":"Selwo Holiday Home","article_modified_time":"2016-03-17T15:54:34+00:00","og_image":[{"url":"http:\/\/selwoholidayhome.com\/wp-content\/uploads\/2015\/07\/google-maps-icon-300x207.jpg","type":"","width":"","height":""}],"twitter_card":"summary_large_image","twitter_misc":{"Ber\u00e4knad l\u00e4stid":"1 minut"},"schema":{"@context":"https:\/\/schema.org","@graph":[{"@type":"WebPage","@id":"https:\/\/selwoholidayhome.com\/sv\/holiday-homes-in-spain\/","url":"https:\/\/selwoholidayhome.com\/sv\/holiday-homes-in-spain\/","name":"Holiday Homes in Spain &#8226; Selwo Holiday Home","isPartOf":{"@id":"https:\/\/selwoholidayhome.com\/#website"},"primaryImageOfPage":{"@id":"https:\/\/selwoholidayhome.com\/sv\/holiday-homes-in-spain\/#primaryimage"},"image":{"@id":"https:\/\/selwoholidayhome.com\/sv\/holiday-homes-in-spain\/#primaryimage"},"thumbnailUrl":"http:\/\/selwoholidayhome.com\/wp-content\/uploads\/2015\/07\/google-maps-icon-300x207.jpg","datePublished":"2015-07-31T10:47:59+00:00","dateModified":"2016-03-17T15:54:34+00:00","description":"S\u00f6k p\u00e5 Karta Semesterbost\u00e4der uthyres Semesterboenden till salu!","breadcrumb":{"@id":"https:\/\/selwoholidayhome.com\/sv\/holiday-homes-in-spain\/#breadcrumb"},"inLanguage":"sv-SE","potentialAction":[{"@type":"ReadAction","target":["https:\/\/selwoholidayhome.com\/sv\/holiday-homes-in-spain\/"]}]},{"@type":"ImageObject","inLanguage":"sv-SE","@id":"https:\/\/selwoholidayhome.com\/sv\/holiday-homes-in-spain\/#primaryimage","url":"http:\/\/selwoholidayhome.com\/wp-content\/uploads\/2015\/07\/google-maps-icon-300x207.jpg","contentUrl":"http:\/\/selwoholidayhome.com\/wp-content\/uploads\/2015\/07\/google-maps-icon-300x207.jpg"},{"@type":"BreadcrumbList","@id":"https:\/\/selwoholidayhome.com\/sv\/holiday-homes-in-spain\/#breadcrumb","itemListElement":[{"@type":"ListItem","position":1,"name":"Home","item":"https:\/\/selwoholidayhome.com\/sv\/"},{"@type":"ListItem","position":2,"name":"Holiday Homes in Spain"}]},{"@type":"WebSite","@id":"https:\/\/selwoholidayhome.com\/#website","url":"https:\/\/selwoholidayhome.com\/","name":"Selwo Holiday Home","description":"Apartments for rent on the Costa del Sol","publisher":{"@id":"https:\/\/selwoholidayhome.com\/#organization"},"potentialAction":[{"@type":"SearchAction","target":{"@type":"EntryPoint","urlTemplate":"https:\/\/selwoholidayhome.com\/?s={search_term_string}"},"query-input":{"@type":"PropertyValueSpecification","valueRequired":true,"valueName":"search_term_string"}}],"inLanguage":"sv-SE"},{"@type":"Organization","@id":"https:\/\/selwoholidayhome.com\/#organization","name":"Selwo Holiday Home","url":"https:\/\/selwoholidayhome.com\/","logo":{"@type":"ImageObject","inLanguage":"sv-SE","@id":"https:\/\/selwoholidayhome.com\/#\/schema\/logo\/image\/","url":"https:\/\/selwoholidayhome.com\/wp-content\/uploads\/2015\/07\/selwo-logo-01.png","contentUrl":"https:\/\/selwoholidayhome.com\/wp-content\/uploads\/2015\/07\/selwo-logo-01.png","width":317,"height":201,"caption":"Selwo Holiday Home"},"image":{"@id":"https:\/\/selwoholidayhome.com\/#\/schema\/logo\/image\/"}}]}},"_links":{"self":[{"href":"https:\/\/selwoholidayhome.com\/sv\/wp-json\/wp\/v2\/pages\/8022","targetHints":{"allow":["GET"]}}],"collection":[{"href":"https:\/\/selwoholidayhome.com\/sv\/wp-json\/wp\/v2\/pages"}],"about":[{"href":"https:\/\/selwoholidayhome.com\/sv\/wp-json\/wp\/v2\/types\/page"}],"author":[{"embeddable":true,"href":"https:\/\/selwoholidayhome.com\/sv\/wp-json\/wp\/v2\/users\/8"}],"replies":[{"embeddable":true,"href":"https:\/\/selwoholidayhome.com\/sv\/wp-json\/wp\/v2\/comments?post=8022"}],"version-history":[{"count":14,"href":"https:\/\/selwoholidayhome.com\/sv\/wp-json\/wp\/v2\/pages\/8022\/revisions"}],"predecessor-version":[{"id":9723,"href":"https:\/\/selwoholidayhome.com\/sv\/wp-json\/wp\/v2\/pages\/8022\/revisions\/9723"}],"wp:attachment":[{"href":"https:\/\/selwoholidayhome.com\/sv\/wp-json\/wp\/v2\/media?parent=8022"}],"curies":[{"name":"wp","href":"https:\/\/api.w.org\/{rel}","templated":true}]}}