{"id":7612,"date":"2014-09-19T10:07:01","date_gmt":"2014-09-19T10:07:01","guid":{"rendered":"http:\/\/selwoholidayhome.com\/sv\/contact-selwo-holiday-home-to-rent-an-apartmant-in-spain"},"modified":"2019-05-02T23:22:22","modified_gmt":"2019-05-02T21:22:22","slug":"kontakta-selwo-holiday-home-for-att-hyra-en-bostad-i-spanien","status":"publish","type":"page","link":"https:\/\/selwoholidayhome.com\/sv\/kontakta-selwo-holiday-home-for-att-hyra-en-bostad-i-spanien\/","title":{"rendered":"Kontakta Selwo Holiday Home f\u00f6r att hyra en bostad i Spanien"},"content":{"rendered":"<div class=\"wpb-content-wrapper\"><p>[vc_row parallax=&#8221;true&#8221; parallax_velocity=&#8221;0.05&#8243; padding_top=&#8221;30&#8243; padding_bottom=&#8221;30&#8243; full_width=&#8221;&#8221; bg_image=&#8221;21346&#8243;][vc_column alignment=&#8221;left&#8221;][vc_row_inner inner_container=&#8221;true&#8221; font_color=&#8221;#fcfcfc&#8221; class=&#8221;noo-call-to-action&#8221;][vc_column_inner width=&#8221;1\/2&#8243;][vc_column_text custom_style=&#8221;color: #fff;&#8221;]<\/p>\n<h3 style=\"color: #fff;\"><strong>VILL DU HYRA EN BOSTAD I SPANIEN?<\/strong><\/h3>\n<p><strong><span style=\"color: #ffffff;\">Se alla fastigheter vi hyr ut!<\/span><\/strong>[\/vc_column_text][\/vc_column_inner][vc_column_inner width=&#8221;1\/2&#8243; custom_style=&#8221;text-align: right;padding-top: 20px;&#8221;][vc_btn title=&#8221;G\u00c5 TILL FASTIGHETSKARTAN&#8221; style=&#8221;flat&#8221; shape=&#8221;square&#8221; color=&#8221;warning&#8221; size=&#8221;lg&#8221; align=&#8221;center&#8221; button_block=&#8221;true&#8221; link=&#8221;url:http%3A%2F%2Fselwoholidayhome.com%2Fsv%2Fkarta-over-semesterbostader-nara-marbella%2F|&#8221;][\/vc_column_inner][\/vc_row_inner][\/vc_column][\/vc_row][vc_row][vc_column][vc_column_text]<\/p>\n<h1 style=\"text-align: center;\">Kontakta Selwo Holiday Home f\u00f6r att hyra en bostad i Spanien<\/h1>\n<p>[\/vc_column_text][\/vc_column][\/vc_row][vc_row padding_top=&#8221;0&#8243; padding_bottom=&#8221;0&#8243; bg_color=&#8221;#f8f8f8&#8243;][vc_column width=&#8221;1\/2&#8243;][vc_gmaps link=&#8221;#E-8_JTNDaWZyYW1lJTIwc3JjJTNEJTIyaHR0cHMlM0ElMkYlMkZ3d3cuZ29vZ2xlLmNvbSUyRm1hcHMlMkZlbWJlZCUzRnBiJTNEJTIxMW0xOCUyMTFtMTIlMjExbTMlMjExZDgyNTc1OS4wMzMxNzg1MzA1JTIxMmQtNC44NzE3MzY2Mzg2NzE3OSUyMTNkMzYuMDUzOTQ5MDMzNzMwMzMlMjEybTMlMjExZjAlMjEyZjAlMjEzZjAlMjEzbTIlMjExaTEwMjQlMjEyaTc2OCUyMTRmMTMuMSUyMTNtMyUyMTFtMiUyMTFzMHhkMGNkNTNjYjExMTVhYjklMjUzQTB4N2Q4NjU5M2Q1OWU0NWExNSUyMTJzU2Vsd28lMkJIb2xpZGF5JTJCSG9tZSUyMTVlMCUyMTNtMiUyMTFzZW4lMjEyc2VzJTIxNHYxNDQwMjU2ODk4MjEwJTIyJTIwd2lkdGglM0QlMjI2MDAlMjIlMjBoZWlnaHQlM0QlMjI0NTAlMjIlMjBmcmFtZWJvcmRlciUzRCUyMjAlMjIlMjBzdHlsZSUzRCUyMmJvcmRlciUzQTAlMjIlMjBhbGxvd2Z1bGxzY3JlZW4lM0UlM0MlMkZpZnJhbWUlM0U=&#8221; size=&#8221;750&#8243; visibility=&#8221;all&#8221; disable_zooming=&#8221;&#8221;][\/vc_column][vc_column width=&#8221;1\/2&#8243; alignment=&#8221;left&#8221;][vc_row_inner padding_top=&#8221;0&#8243; padding_bottom=&#8221;0&#8243; class=&#8221;contact-desc1&#8243; custom_style=&#8221;padding-left: 85px;padding-top: 90px;&#8221;][vc_column_inner][vc_column_text]<\/p>\n<h4 style=\"font-weight: 300; font-size: 24px; margin-bottom: 20px;\">Ring Oss<\/h4>\n<p style=\"font-weight: 300; font-size: 20px; margin-bottom: 20px;\"><a href=\"tel:+34636134565\u202c\">+\u00a034 636 134 565\u202c<\/a><\/p>\n<h4 style=\"font-weight: 300; font-size: 24px; margin-bottom: 20px;\">Eller Skriv Till Oss<\/h4>\n<p>Anv\u00e4nd formul\u00e4ret nedan f\u00f6r att kontakta oss. Vi svarar s\u00e5 snabbt vi kan.<br \/>\nTack!<\/p>\n<div class=\"wpcf7 no-js\" id=\"wpcf7-f20231-o1\" lang=\"en-US\" dir=\"ltr\" data-wpcf7-id=\"20231\">\n<div class=\"screen-reader-response\"><p role=\"status\" aria-live=\"polite\" aria-atomic=\"true\"><\/p> <ul><\/ul><\/div>\n<form action=\"\/sv\/wp-json\/wp\/v2\/pages\/7612#wpcf7-f20231-o1\" method=\"post\" class=\"wpcf7-form init\" aria-label=\"Contact form\" novalidate=\"novalidate\" data-status=\"init\">\n<fieldset class=\"hidden-fields-container\"><input type=\"hidden\" name=\"_wpcf7\" value=\"20231\" \/><input type=\"hidden\" name=\"_wpcf7_version\" value=\"6.1.1\" \/><input type=\"hidden\" name=\"_wpcf7_locale\" value=\"en_US\" \/><input type=\"hidden\" name=\"_wpcf7_unit_tag\" value=\"wpcf7-f20231-o1\" \/><input type=\"hidden\" name=\"_wpcf7_container_post\" value=\"0\" \/><input type=\"hidden\" name=\"_wpcf7_posted_data_hash\" value=\"\" \/><input type=\"hidden\" name=\"_wpcf7_recaptcha_response\" value=\"\" \/>\n<\/fieldset>\n<p><span class=\"wpcf7-form-control-wrap\" data-name=\"your-name\"><input size=\"40\" maxlength=\"400\" class=\"wpcf7-form-control wpcf7-text wpcf7-validates-as-required\" aria-required=\"true\" aria-invalid=\"false\" placeholder=\"Namn\" value=\"\" type=\"text\" name=\"your-name\" \/><\/span>\n<\/p>\n<p><span class=\"wpcf7-form-control-wrap\" data-name=\"your-email\"><input size=\"40\" maxlength=\"400\" class=\"wpcf7-form-control wpcf7-email wpcf7-validates-as-required wpcf7-text wpcf7-validates-as-email\" aria-required=\"true\" aria-invalid=\"false\" placeholder=\"E-mail\" value=\"\" type=\"email\" name=\"your-email\" \/><\/span>\n<\/p>\n<p><span class=\"wpcf7-form-control-wrap\" data-name=\"textarea-354\"><textarea cols=\"40\" rows=\"7\" maxlength=\"2000\" class=\"wpcf7-form-control wpcf7-textarea wpcf7-validates-as-required\" aria-required=\"true\" aria-invalid=\"false\" placeholder=\"Meddelande\" name=\"textarea-354\"><\/textarea><\/span>\n<\/p>\n<p><input class=\"wpcf7-form-control wpcf7-submit has-spinner\" type=\"submit\" value=\"Skicka\" \/>\n<\/p><div class=\"wpcf7-response-output\" aria-hidden=\"true\"><\/div>\n<\/form>\n<\/div>\n[\/vc_column_text][\/vc_column_inner][\/vc_row_inner][\/vc_column][\/vc_row][vc_row][vc_column]<hr  class=\"noo-gap\" >[\/vc_column][\/vc_row]<\/p>\n<\/div>","protected":false},"excerpt":{"rendered":"<p>[vc_row parallax=&#8221;true&#8221; parallax_velocity=&#8221;0.05&#8243; padding_top=&#8221;30&#8243; padding_bottom=&#8221;30&#8243; full_width=&#8221;&#8221; bg_image=&#8221;21346&#8243;][vc_column alignment=&#8221;left&#8221;][vc_row_inner inner_container=&#8221;true&#8221; font_color=&#8221;#fcfcfc&#8221; class=&#8221;noo-call-to-action&#8221;][vc_column_inner width=&#8221;1\/2&#8243;][vc_column_text custom_style=&#8221;color: #fff;&#8221;] VILL DU HYRA EN BOSTAD I SPANIEN? Se alla fastigheter vi hyr ut![\/vc_column_text][\/vc_column_inner][vc_column_inner width=&#8221;1\/2&#8243; custom_style=&#8221;text-align: right;padding-top: 20px;&#8221;][vc_btn title=&#8221;G\u00c5 TILL FASTIGHETSKARTAN&#8221; style=&#8221;flat&#8221; shape=&#8221;square&#8221; color=&#8221;warning&#8221; size=&#8221;lg&#8221; align=&#8221;center&#8221; button_block=&#8221;true&#8221; link=&#8221;url:http%3A%2F%2Fselwoholidayhome.com%2Fsv%2Fkarta-over-semesterbostader-nara-marbella%2F|&#8221;][\/vc_column_inner][\/vc_row_inner][\/vc_column][\/vc_row][vc_row][vc_column][vc_column_text] Kontakta Selwo Holiday Home f\u00f6r att hyra en bostad i Spanien [\/vc_column_text][\/vc_column][\/vc_row][vc_row padding_top=&#8221;0&#8243; padding_bottom=&#8221;0&#8243; bg_color=&#8221;#f8f8f8&#8243;][vc_column width=&#8221;1\/2&#8243;][vc_gmaps link=&#8221;#E-8_JTNDaWZyYW1lJTIwc3JjJTNEJTIyaHR0cHMlM0ElMkYlMkZ3d3cuZ29vZ2xlLmNvbSUyRm1hcHMlMkZlbWJlZCUzRnBiJTNEJTIxMW0xOCUyMTFtMTIlMjExbTMlMjExZDgyNTc1OS4wMzMxNzg1MzA1JTIxMmQtNC44NzE3MzY2Mzg2NzE3OSUyMTNkMzYuMDUzOTQ5MDMzNzMwMzMlMjEybTMlMjExZjAlMjEyZjAlMjEzZjAlMjEzbTIlMjExaTEwMjQlMjEyaTc2OCUyMTRmMTMuMSUyMTNtMyUyMTFtMiUyMTFzMHhkMGNkNTNjYjExMTVhYjklMjUzQTB4N2Q4NjU5M2Q1OWU0NWExNSUyMTJzU2Vsd28lMkJIb2xpZGF5JTJCSG9tZSUyMTVlMCUyMTNtMiUyMTFzZW4lMjEyc2VzJTIxNHYxNDQwMjU2ODk4MjEwJTIyJTIwd2lkdGglM0QlMjI2MDAlMjIlMjBoZWlnaHQlM0QlMjI0NTAlMjIlMjBmcmFtZWJvcmRlciUzRCUyMjAlMjIlMjBzdHlsZSUzRCUyMmJvcmRlciUzQTAlMjIlMjBhbGxvd2Z1bGxzY3JlZW4lM0UlM0MlMkZpZnJhbWUlM0U=&#8221; size=&#8221;750&#8243; visibility=&#8221;all&#8221;&#8230;<\/p>\n<div><a href=\"https:\/\/selwoholidayhome.com\/sv\/kontakta-selwo-holiday-home-for-att-hyra-en-bostad-i-spanien\/\" class=\"read-more\">L\u00e4s Mer  <i class=\"fa fa-arrow-circle-o-right\"><\/i><\/a><\/div>\n","protected":false},"author":8,"featured_media":0,"parent":0,"menu_order":0,"comment_status":"closed","ping_status":"closed","template":"page-full-width.php","meta":{"footnotes":""},"class_list":["post-7612","page","type-page","status-publish","hentry","no-featured"],"yoast_head":"<!-- This site is optimized with the Yoast SEO plugin v26.0 - https:\/\/yoast.com\/wordpress\/plugins\/seo\/ -->\n<title>Kontakta SelwoHolidayHome f\u00f6r att hyra en bostad i Spanien<\/title>\n<meta name=\"description\" content=\"Letar du efter ditt dr\u00f6mhus i Spanien? D\u00e5 har du kommit r\u00e4tt! Kontakta SelwoHolidayHome f\u00f6r att hyra en bostad i Spanien. Vi hj\u00e4lper dig hela v\u00e4gen!\" \/>\n<meta name=\"robots\" content=\"index, follow, max-snippet:-1, max-image-preview:large, max-video-preview:-1\" \/>\n<link rel=\"canonical\" href=\"https:\/\/selwoholidayhome.com\/sv\/kontakta-selwo-holiday-home-for-att-hyra-en-bostad-i-spanien\/\" \/>\n<meta property=\"og:locale\" content=\"sv_SE\" \/>\n<meta property=\"og:type\" content=\"article\" \/>\n<meta property=\"og:title\" content=\"Kontakta SelwoHolidayHome f\u00f6r att hyra en bostad i Spanien\" \/>\n<meta property=\"og:description\" content=\"Letar du efter ditt dr\u00f6mhus i Spanien? D\u00e5 har du kommit r\u00e4tt! Kontakta SelwoHolidayHome f\u00f6r att hyra en bostad i Spanien. Vi hj\u00e4lper dig hela v\u00e4gen!\" \/>\n<meta property=\"og:url\" content=\"https:\/\/selwoholidayhome.com\/sv\/kontakta-selwo-holiday-home-for-att-hyra-en-bostad-i-spanien\/\" \/>\n<meta property=\"og:site_name\" content=\"Selwo Holiday Home\" \/>\n<meta property=\"article:modified_time\" content=\"2019-05-02T21:22:22+00:00\" \/>\n<meta name=\"twitter:card\" content=\"summary_large_image\" \/>\n<meta name=\"twitter:label1\" content=\"Ber\u00e4knad l\u00e4stid\" \/>\n\t<meta name=\"twitter:data1\" content=\"1 minut\" \/>\n<script type=\"application\/ld+json\" class=\"yoast-schema-graph\">{\"@context\":\"https:\/\/schema.org\",\"@graph\":[{\"@type\":\"WebPage\",\"@id\":\"https:\/\/selwoholidayhome.com\/sv\/kontakta-selwo-holiday-home-for-att-hyra-en-bostad-i-spanien\/\",\"url\":\"https:\/\/selwoholidayhome.com\/sv\/kontakta-selwo-holiday-home-for-att-hyra-en-bostad-i-spanien\/\",\"name\":\"Kontakta SelwoHolidayHome f\u00f6r att hyra en bostad i Spanien\",\"isPartOf\":{\"@id\":\"https:\/\/selwoholidayhome.com\/#website\"},\"datePublished\":\"2014-09-19T10:07:01+00:00\",\"dateModified\":\"2019-05-02T21:22:22+00:00\",\"description\":\"Letar du efter ditt dr\u00f6mhus i Spanien? D\u00e5 har du kommit r\u00e4tt! Kontakta SelwoHolidayHome f\u00f6r att hyra en bostad i Spanien. Vi hj\u00e4lper dig hela v\u00e4gen!\",\"breadcrumb\":{\"@id\":\"https:\/\/selwoholidayhome.com\/sv\/kontakta-selwo-holiday-home-for-att-hyra-en-bostad-i-spanien\/#breadcrumb\"},\"inLanguage\":\"sv-SE\",\"potentialAction\":[{\"@type\":\"ReadAction\",\"target\":[\"https:\/\/selwoholidayhome.com\/sv\/kontakta-selwo-holiday-home-for-att-hyra-en-bostad-i-spanien\/\"]}]},{\"@type\":\"BreadcrumbList\",\"@id\":\"https:\/\/selwoholidayhome.com\/sv\/kontakta-selwo-holiday-home-for-att-hyra-en-bostad-i-spanien\/#breadcrumb\",\"itemListElement\":[{\"@type\":\"ListItem\",\"position\":1,\"name\":\"Home\",\"item\":\"https:\/\/selwoholidayhome.com\/sv\/\"},{\"@type\":\"ListItem\",\"position\":2,\"name\":\"Kontakta Selwo Holiday Home f\u00f6r att hyra en bostad i Spanien\"}]},{\"@type\":\"WebSite\",\"@id\":\"https:\/\/selwoholidayhome.com\/#website\",\"url\":\"https:\/\/selwoholidayhome.com\/\",\"name\":\"Selwo Holiday Home\",\"description\":\"Apartments for rent on the Costa del Sol\",\"publisher\":{\"@id\":\"https:\/\/selwoholidayhome.com\/#organization\"},\"potentialAction\":[{\"@type\":\"SearchAction\",\"target\":{\"@type\":\"EntryPoint\",\"urlTemplate\":\"https:\/\/selwoholidayhome.com\/?s={search_term_string}\"},\"query-input\":{\"@type\":\"PropertyValueSpecification\",\"valueRequired\":true,\"valueName\":\"search_term_string\"}}],\"inLanguage\":\"sv-SE\"},{\"@type\":\"Organization\",\"@id\":\"https:\/\/selwoholidayhome.com\/#organization\",\"name\":\"Selwo Holiday Home\",\"url\":\"https:\/\/selwoholidayhome.com\/\",\"logo\":{\"@type\":\"ImageObject\",\"inLanguage\":\"sv-SE\",\"@id\":\"https:\/\/selwoholidayhome.com\/#\/schema\/logo\/image\/\",\"url\":\"https:\/\/selwoholidayhome.com\/wp-content\/uploads\/2015\/07\/selwo-logo-01.png\",\"contentUrl\":\"https:\/\/selwoholidayhome.com\/wp-content\/uploads\/2015\/07\/selwo-logo-01.png\",\"width\":317,\"height\":201,\"caption\":\"Selwo Holiday Home\"},\"image\":{\"@id\":\"https:\/\/selwoholidayhome.com\/#\/schema\/logo\/image\/\"}}]}<\/script>\n<!-- \/ Yoast SEO plugin. -->","yoast_head_json":{"title":"Kontakta SelwoHolidayHome f\u00f6r att hyra en bostad i Spanien","description":"Letar du efter ditt dr\u00f6mhus i Spanien? D\u00e5 har du kommit r\u00e4tt! Kontakta SelwoHolidayHome f\u00f6r att hyra en bostad i Spanien. Vi hj\u00e4lper dig hela v\u00e4gen!","robots":{"index":"index","follow":"follow","max-snippet":"max-snippet:-1","max-image-preview":"max-image-preview:large","max-video-preview":"max-video-preview:-1"},"canonical":"https:\/\/selwoholidayhome.com\/sv\/kontakta-selwo-holiday-home-for-att-hyra-en-bostad-i-spanien\/","og_locale":"sv_SE","og_type":"article","og_title":"Kontakta SelwoHolidayHome f\u00f6r att hyra en bostad i Spanien","og_description":"Letar du efter ditt dr\u00f6mhus i Spanien? D\u00e5 har du kommit r\u00e4tt! Kontakta SelwoHolidayHome f\u00f6r att hyra en bostad i Spanien. Vi hj\u00e4lper dig hela v\u00e4gen!","og_url":"https:\/\/selwoholidayhome.com\/sv\/kontakta-selwo-holiday-home-for-att-hyra-en-bostad-i-spanien\/","og_site_name":"Selwo Holiday Home","article_modified_time":"2019-05-02T21:22:22+00:00","twitter_card":"summary_large_image","twitter_misc":{"Ber\u00e4knad l\u00e4stid":"1 minut"},"schema":{"@context":"https:\/\/schema.org","@graph":[{"@type":"WebPage","@id":"https:\/\/selwoholidayhome.com\/sv\/kontakta-selwo-holiday-home-for-att-hyra-en-bostad-i-spanien\/","url":"https:\/\/selwoholidayhome.com\/sv\/kontakta-selwo-holiday-home-for-att-hyra-en-bostad-i-spanien\/","name":"Kontakta SelwoHolidayHome f\u00f6r att hyra en bostad i Spanien","isPartOf":{"@id":"https:\/\/selwoholidayhome.com\/#website"},"datePublished":"2014-09-19T10:07:01+00:00","dateModified":"2019-05-02T21:22:22+00:00","description":"Letar du efter ditt dr\u00f6mhus i Spanien? D\u00e5 har du kommit r\u00e4tt! Kontakta SelwoHolidayHome f\u00f6r att hyra en bostad i Spanien. Vi hj\u00e4lper dig hela v\u00e4gen!","breadcrumb":{"@id":"https:\/\/selwoholidayhome.com\/sv\/kontakta-selwo-holiday-home-for-att-hyra-en-bostad-i-spanien\/#breadcrumb"},"inLanguage":"sv-SE","potentialAction":[{"@type":"ReadAction","target":["https:\/\/selwoholidayhome.com\/sv\/kontakta-selwo-holiday-home-for-att-hyra-en-bostad-i-spanien\/"]}]},{"@type":"BreadcrumbList","@id":"https:\/\/selwoholidayhome.com\/sv\/kontakta-selwo-holiday-home-for-att-hyra-en-bostad-i-spanien\/#breadcrumb","itemListElement":[{"@type":"ListItem","position":1,"name":"Home","item":"https:\/\/selwoholidayhome.com\/sv\/"},{"@type":"ListItem","position":2,"name":"Kontakta Selwo Holiday Home f\u00f6r att hyra en bostad i Spanien"}]},{"@type":"WebSite","@id":"https:\/\/selwoholidayhome.com\/#website","url":"https:\/\/selwoholidayhome.com\/","name":"Selwo Holiday Home","description":"Apartments for rent on the Costa del Sol","publisher":{"@id":"https:\/\/selwoholidayhome.com\/#organization"},"potentialAction":[{"@type":"SearchAction","target":{"@type":"EntryPoint","urlTemplate":"https:\/\/selwoholidayhome.com\/?s={search_term_string}"},"query-input":{"@type":"PropertyValueSpecification","valueRequired":true,"valueName":"search_term_string"}}],"inLanguage":"sv-SE"},{"@type":"Organization","@id":"https:\/\/selwoholidayhome.com\/#organization","name":"Selwo Holiday Home","url":"https:\/\/selwoholidayhome.com\/","logo":{"@type":"ImageObject","inLanguage":"sv-SE","@id":"https:\/\/selwoholidayhome.com\/#\/schema\/logo\/image\/","url":"https:\/\/selwoholidayhome.com\/wp-content\/uploads\/2015\/07\/selwo-logo-01.png","contentUrl":"https:\/\/selwoholidayhome.com\/wp-content\/uploads\/2015\/07\/selwo-logo-01.png","width":317,"height":201,"caption":"Selwo Holiday Home"},"image":{"@id":"https:\/\/selwoholidayhome.com\/#\/schema\/logo\/image\/"}}]}},"_links":{"self":[{"href":"https:\/\/selwoholidayhome.com\/sv\/wp-json\/wp\/v2\/pages\/7612","targetHints":{"allow":["GET"]}}],"collection":[{"href":"https:\/\/selwoholidayhome.com\/sv\/wp-json\/wp\/v2\/pages"}],"about":[{"href":"https:\/\/selwoholidayhome.com\/sv\/wp-json\/wp\/v2\/types\/page"}],"author":[{"embeddable":true,"href":"https:\/\/selwoholidayhome.com\/sv\/wp-json\/wp\/v2\/users\/8"}],"replies":[{"embeddable":true,"href":"https:\/\/selwoholidayhome.com\/sv\/wp-json\/wp\/v2\/comments?post=7612"}],"version-history":[{"count":21,"href":"https:\/\/selwoholidayhome.com\/sv\/wp-json\/wp\/v2\/pages\/7612\/revisions"}],"predecessor-version":[{"id":21378,"href":"https:\/\/selwoholidayhome.com\/sv\/wp-json\/wp\/v2\/pages\/7612\/revisions\/21378"}],"wp:attachment":[{"href":"https:\/\/selwoholidayhome.com\/sv\/wp-json\/wp\/v2\/media?parent=7612"}],"curies":[{"name":"wp","href":"https:\/\/api.w.org\/{rel}","templated":true}]}}