{"id":60,"date":"2015-07-02T16:04:23","date_gmt":"2015-07-02T16:04:23","guid":{"rendered":"http:\/\/selwoholidayhome.com\/sv\/about-selwo-holiday-home-and-rentals-in-spain\/"},"modified":"2025-05-18T12:24:20","modified_gmt":"2025-05-18T10:24:20","slug":"om-selwo-holiday-home-och-fastighetsuthyrning-i-spanien","status":"publish","type":"page","link":"https:\/\/selwoholidayhome.com\/sv\/om-selwo-holiday-home-och-fastighetsuthyrning-i-spanien\/","title":{"rendered":"Om Selwo Holiday Home &#8211; Fastighetsuthyrning i Spanien"},"content":{"rendered":"<div class=\"wpb-content-wrapper\"><p>[vc_row parallax=&#8221;true&#8221; parallax_velocity=&#8221;0.05&#8243; padding_top=&#8221;30&#8243; padding_bottom=&#8221;30&#8243; bg_image=&#8221;21346&#8243; bg_color_overlay=&#8221;rgba(244,110,0,0.63)&#8221;][vc_column][vc_row_inner inner_container=&#8221;true&#8221; font_color=&#8221;#fcfcfc&#8221; class=&#8221;noo-call-to-action&#8221;][vc_column_inner width=&#8221;1\/2&#8243;][vc_column_text custom_style=&#8221;color: #fff;&#8221;]<\/p>\n<h3 style=\"color: #fff;\"><strong>VILL DU HYRA EN BOSTAD I SPANIEN?<\/strong><\/h3>\n<p><strong><span style=\"color: #ffffff;\">Se alla fastigheter vi hyr ut!<\/span><\/strong>[\/vc_column_text][\/vc_column_inner][vc_column_inner width=&#8221;1\/2&#8243; custom_style=&#8221;text-align: right;padding-top: 20px;&#8221;][vc_btn title=&#8221;G\u00c5 TILL FASTIGHETSKARTAN&#8221; style=&#8221;flat&#8221; shape=&#8221;square&#8221; color=&#8221;warning&#8221; size=&#8221;lg&#8221; align=&#8221;center&#8221; button_block=&#8221;true&#8221; link=&#8221;url:http%3A%2F%2Fselwoholidayhome.com%2Fsv%2Fkarta-over-semesterbostader-nara-marbella%2F|||&#8221;][\/vc_column_inner][\/vc_row_inner][\/vc_column][\/vc_row][vc_row inner_container=&#8221;true&#8221; padding_top=&#8221;40&#8243; padding_bottom=&#8221;40&#8243;][vc_column width=&#8221;1\/2&#8243; alignment=&#8221;left&#8221;][vc_column_text]<\/p>\n<h1 class=\"page-title\">Om Selwo Holiday Home<\/h1>\n<p>Selwo Holiday Home \u00e4gs av Elgstrom Invest S.L., ett f\u00f6retag som inriktar sig p\u00e5 servicetj\u00e4nster.<br \/>\nBolaget \u00e4r stiftat 2014 och v\u00e5r m\u00e5ls\u00e4ttning \u00e4r att ta hand om och sk\u00f6ta uthyrning och f\u00f6rs\u00e4ljning av l\u00e4genheter\/villor i v\u00e5rt n\u00e4romr\u00e5de mellan Marbella och Estepona.<\/p>\n<p>Kontakta oss om ni vill hyra ett semesterboende eller om du \u00e4r intresserad av att hyra ut din l\u00e4genhet eller villa via Selwo Holiday Home.[\/vc_column_text][\/vc_column][vc_column width=&#8221;1\/4&#8243; alignment=&#8221;left&#8221;][vc_single_image image=&#8221;21342&#8243; alt=&#8221;Lotta Elgstr\u00f6m Selwo Holiday Home&#8221;][vc_column_text]<\/p>\n<h4>Lotta\u00a0Elgstr\u00f6m<\/h4>\n<p>[\/vc_column_text][\/vc_column][\/vc_row][vc_row parallax=&#8221;true&#8221; parallax_velocity=&#8221;0.06&#8243; padding_top=&#8221;100&#8243; padding_bottom=&#8221;100&#8243; bg_image=&#8221;7747&#8243;][vc_column alignment=&#8221;center&#8221;][vc_row_inner inner_container=&#8221;true&#8221;][vc_column_inner width=&#8221;1\/3&#8243; class=&#8221;our-service&#8221;]<span id=\"noo-icon-1\" class=\"noo-icon service-icon icon-circle icon-style-custom\" style=\" font-size: 32px; color: #ffffff;\">\n<a href=\"#\">\n<i class=\"fa fa-lightbulb-o\" style=\" width: 75.2px; height: 75.2px; line-height: 75.2px;\"><\/i>\n<\/a>\n<\/span><hr  class=\"noo-gap\" style=\" margin: 20px 0 0 0;\">[vc_column_text custom_style=&#8221;color: #fff&#8221;]<\/p>\n<h5 style=\"text-align: center; color: #fff;\"><span style=\"color: #ffffff;\">Aff\u00e4rsid\u00e9<\/span><\/h5>\n<p style=\"text-align: center;\"><span style=\"color: #ffffff;\">Hyra ut l\u00e4genheter\/radhus\/villor mellan Marbella\u00a0och La Duquesa.<\/span><\/p>\n<p>[\/vc_column_text][\/vc_column_inner][vc_column_inner width=&#8221;1\/3&#8243; class=&#8221;our-service&#8221;]<span id=\"noo-icon-2\" class=\"noo-icon service-icon icon-circle\" style=\" font-size: 32px; color: #ffffff;\">\n<a href=\"#\">\n<i class=\"fa fa-send-o\" ><\/i>\n<\/a>\n<\/span><hr  class=\"noo-gap\" style=\" margin: 20px 0 0 0;\">[vc_column_text custom_style=&#8221;color: #fff;&#8221;]<\/p>\n<h5 style=\"text-align: center; color: #fff;\"><span style=\"color: #ffffff;\">Vision<\/span><\/h5>\n<p style=\"text-align: center;\"><span style=\"color: #ffffff;\">Att vara marknadsledande med servicetj\u00e4nster f\u00f6r uthyrning av objekt mellan Marbella\u00a0och La Duquesa.<\/span><\/p>\n<p>[\/vc_column_text][\/vc_column_inner][vc_column_inner width=&#8221;1\/3&#8243; class=&#8221;our-service&#8221;]<span id=\"noo-icon-3\" class=\"noo-icon service-icon icon-circle\" style=\" font-size: 32px; color: #ffffff;\">\n<a href=\"#\">\n<i class=\"fa fa-dot-circle-o\" ><\/i>\n<\/a>\n<\/span><hr  class=\"noo-gap\" style=\" margin: 20px 0 0 0;\">[vc_column_text custom_style=&#8221;color: #fff&#8221;]<\/p>\n<h5 style=\"text-align: center; color: #fff;\"><span style=\"color: #ffffff;\">V\u00e4rdegrund<\/span><\/h5>\n<p style=\"text-align: center;\"><span style=\"color: #ffffff;\">Starkt kundfokus.<\/span><br \/>\n<span style=\"color: #ffffff;\">\u00c4rlighet mot kunder och medarbetare.<\/span>[\/vc_column_text][\/vc_column_inner][\/vc_row_inner][\/vc_column][\/vc_row][vc_row inner_container=&#8221;true&#8221; padding_top=&#8221;80&#8243; padding_bottom=&#8221;40&#8243;][vc_column][vc_row_inner][vc_column_inner][vc_column_text]<\/p>\n<h2 style=\"font-weight: 100; text-align: center; font-size: 36px;\">RECENSIONER<\/h2>\n<p>[\/vc_column_text]<hr  class=\"noo-gap\" >[\/vc_column_inner][\/vc_row_inner]<div id=\"noo-slider-4\" class=\"noo-slider top-indicatorstestimonial-slide\" >\n  <ul class=\"sliders\">\n<li class=\"slide-item\" >\n<div class=\"slide-content\">\n<div class=\"testimonial-desc\">\n<p style=\"text-align: center;\">&#8221;Vi har hyrt en l\u00e4genhet i 2 veckor p\u00e5 La Resina Golf. Fin l\u00e4genhet med fin inredning och utsikt \u00f6ver golfbanan. En helt fantastisk tr\u00e4dg\u00e5rd och 2 fina pooler, m\u00e5nga sols\u00e4ngar att tillg\u00e5 vilket \u00e4r ett stort plus. Bra 9 h\u00e5ls Golfbana och bra omr\u00e5den om man vill ta en l\u00f6prunda. San Pedro \u00e4r en mysig stad och har fina strandpromenader. Estepona \u00e4r en helt underbar stad med bra restauranger och shopping mm. Dom gamla gr\u00e4nderna med olika f\u00e4rger p\u00e5 krukorna och det fina Blomtorget med m\u00e5nga olika caf\u00e9er. Ett st\u00e4lle jag varmt rekommenderar. Kommer att \u00e5ka tillbaka till La Resina till 100%.&#8221;<\/p>\n<h4 style=\"text-align: center;\">Inga-Lill, Malm\u00f6<\/h4>\n<p style=\"text-align: center;\">Juli 2015<\/p>\n<\/div>\n\n<\/div>\n<\/li><li class=\"slide-item\" >\n<div class=\"slide-content\">\n<div class=\"testimonial-desc\">\n<p style=\"text-align: center;\">&#8221;Vi hyrde en l\u00e4genhet p\u00e5 La Resina Golf i 10 dagar och det \u00e4r ett underbart st\u00e4lle.<br \/>\nRent och fint, bra pooler och vacker tr\u00e4dg\u00e5rd.<br \/>\nK\u00e4nns tryggt att det finns 24 timmars service, om det h\u00e4nder n\u00e5got med l\u00e4genheten man hyr.<br \/>\nEstepona och Marbella har fina strandpromenader och m\u00e5nga uts\u00f6kta restauranger och caf\u00e9er.<br \/>\nVi \u00e4r mycket n\u00f6jda.<br \/>\nTack Lotta och Mikael!&#8221;<\/p>\n<h4 style=\"text-align: center;\">M.Dumont, Belgien<\/h4>\n<p style=\"text-align: center;\">September 2015<\/p>\n<\/div>\n\n<\/div>\n<\/li>\n  <\/ul>\n  <div class=\"clearfix\"><\/div>\n\n  <div id=\"noo-slider-4-pagination\" class=\"slider-indicators\"><\/div>\n\n<\/div>\n<script>\njQuery('document').ready(function ($) {\n  $('#noo-slider-4 .sliders').carouFredSel({\n    infinite: true,\n    circular: true,\n    responsive: true,\n    debug : false,\n    items: {\n      start: \"random\"\n    },\n    scroll: {\n      items: 1,\n      duration: 600,\n      pauseOnHover: \"resume\",\n      fx: \"scroll\"\n    },\n    auto: {\n      timeoutDuration: 3000,\n\n      play: true\n    },\n\n    pagination: {\n      container: \"#noo-slider-4-pagination\"\n    },\n    swipe: {\n      onTouch: true,\n      onMouse: true\n    }\n  });\n});\n<\/script>[\/vc_column][\/vc_row][vc_row][vc_column][vc_column_text][\/vc_column_text][\/vc_column][\/vc_row][vc_row parallax=&#8221;true&#8221; parallax_velocity=&#8221;0.05&#8243; padding_top=&#8221;30&#8243; padding_bottom=&#8221;30&#8243; full_width=&#8221;&#8221; bg_image=&#8221;19954&#8243;][vc_column alignment=&#8221;left&#8221;][\/vc_column][\/vc_row]<\/p>\n<\/div>","protected":false},"excerpt":{"rendered":"<p>[vc_row parallax=&#8221;true&#8221; parallax_velocity=&#8221;0.05&#8243; padding_top=&#8221;30&#8243; padding_bottom=&#8221;30&#8243; bg_image=&#8221;21346&#8243; bg_color_overlay=&#8221;rgba(244,110,0,0.63)&#8221;][vc_column][vc_row_inner inner_container=&#8221;true&#8221; font_color=&#8221;#fcfcfc&#8221; class=&#8221;noo-call-to-action&#8221;][vc_column_inner width=&#8221;1\/2&#8243;][vc_column_text custom_style=&#8221;color: #fff;&#8221;] VILL DU HYRA EN BOSTAD I SPANIEN? Se alla fastigheter vi hyr ut![\/vc_column_text][\/vc_column_inner][vc_column_inner width=&#8221;1\/2&#8243; custom_style=&#8221;text-align: right;padding-top: 20px;&#8221;][vc_btn title=&#8221;G\u00c5 TILL FASTIGHETSKARTAN&#8221; style=&#8221;flat&#8221; shape=&#8221;square&#8221; color=&#8221;warning&#8221; size=&#8221;lg&#8221; align=&#8221;center&#8221; button_block=&#8221;true&#8221; link=&#8221;url:http%3A%2F%2Fselwoholidayhome.com%2Fsv%2Fkarta-over-semesterbostader-nara-marbella%2F|||&#8221;][\/vc_column_inner][\/vc_row_inner][\/vc_column][\/vc_row][vc_row inner_container=&#8221;true&#8221; padding_top=&#8221;40&#8243; padding_bottom=&#8221;40&#8243;][vc_column width=&#8221;1\/2&#8243; alignment=&#8221;left&#8221;][vc_column_text] Om Selwo Holiday Home Selwo Holiday Home \u00e4gs av Elgstrom Invest S.L., ett f\u00f6retag som&#8230;<\/p>\n<div><a href=\"https:\/\/selwoholidayhome.com\/sv\/om-selwo-holiday-home-och-fastighetsuthyrning-i-spanien\/\" class=\"read-more\">L\u00e4s Mer  <i class=\"fa fa-arrow-circle-o-right\"><\/i><\/a><\/div>\n","protected":false},"author":8,"featured_media":0,"parent":0,"menu_order":0,"comment_status":"closed","ping_status":"closed","template":"page-full-width.php","meta":{"footnotes":""},"class_list":["post-60","page","type-page","status-publish","hentry","no-featured"],"yoast_head":"<!-- This site is optimized with the Yoast SEO plugin v26.0 - https:\/\/yoast.com\/wordpress\/plugins\/seo\/ -->\n<title>SELWO HOLIDAY HOME \u2022 Fastighetsuthyrning i Spanien<\/title>\n<meta name=\"description\" content=\"V\u00e4lkommen till Selwo Holiday Home! Vi arbetar med fastighetsuthyrning i Spanien. Hitta din dr\u00f6mbostad p\u00e5 v\u00e5r hemsida. Vi hyr b\u00e5de p\u00e5 kort och l\u00e5ng tid.\" \/>\n<meta name=\"robots\" content=\"index, follow, max-snippet:-1, max-image-preview:large, max-video-preview:-1\" \/>\n<link rel=\"canonical\" href=\"https:\/\/selwoholidayhome.com\/sv\/om-selwo-holiday-home-och-fastighetsuthyrning-i-spanien\/\" \/>\n<meta property=\"og:locale\" content=\"sv_SE\" \/>\n<meta property=\"og:type\" content=\"article\" \/>\n<meta property=\"og:title\" content=\"SELWO HOLIDAY HOME \u2022 Fastighetsuthyrning i Spanien\" \/>\n<meta property=\"og:description\" content=\"V\u00e4lkommen till Selwo Holiday Home! Vi arbetar med fastighetsuthyrning i Spanien. Hitta din dr\u00f6mbostad p\u00e5 v\u00e5r hemsida. Vi hyr b\u00e5de p\u00e5 kort och l\u00e5ng tid.\" \/>\n<meta property=\"og:url\" content=\"https:\/\/selwoholidayhome.com\/sv\/om-selwo-holiday-home-och-fastighetsuthyrning-i-spanien\/\" \/>\n<meta property=\"og:site_name\" content=\"Selwo Holiday Home\" \/>\n<meta property=\"article:modified_time\" content=\"2025-05-18T10:24:20+00:00\" \/>\n<meta name=\"twitter:card\" content=\"summary_large_image\" \/>\n<meta name=\"twitter:label1\" content=\"Ber\u00e4knad l\u00e4stid\" \/>\n\t<meta name=\"twitter:data1\" content=\"3 minuter\" \/>\n<script type=\"application\/ld+json\" class=\"yoast-schema-graph\">{\"@context\":\"https:\/\/schema.org\",\"@graph\":[{\"@type\":\"WebPage\",\"@id\":\"https:\/\/selwoholidayhome.com\/sv\/om-selwo-holiday-home-och-fastighetsuthyrning-i-spanien\/\",\"url\":\"https:\/\/selwoholidayhome.com\/sv\/om-selwo-holiday-home-och-fastighetsuthyrning-i-spanien\/\",\"name\":\"SELWO HOLIDAY HOME \u2022 Fastighetsuthyrning i Spanien\",\"isPartOf\":{\"@id\":\"https:\/\/selwoholidayhome.com\/#website\"},\"datePublished\":\"2015-07-02T16:04:23+00:00\",\"dateModified\":\"2025-05-18T10:24:20+00:00\",\"description\":\"V\u00e4lkommen till Selwo Holiday Home! Vi arbetar med fastighetsuthyrning i Spanien. Hitta din dr\u00f6mbostad p\u00e5 v\u00e5r hemsida. Vi hyr b\u00e5de p\u00e5 kort och l\u00e5ng tid.\",\"breadcrumb\":{\"@id\":\"https:\/\/selwoholidayhome.com\/sv\/om-selwo-holiday-home-och-fastighetsuthyrning-i-spanien\/#breadcrumb\"},\"inLanguage\":\"sv-SE\",\"potentialAction\":[{\"@type\":\"ReadAction\",\"target\":[\"https:\/\/selwoholidayhome.com\/sv\/om-selwo-holiday-home-och-fastighetsuthyrning-i-spanien\/\"]}]},{\"@type\":\"BreadcrumbList\",\"@id\":\"https:\/\/selwoholidayhome.com\/sv\/om-selwo-holiday-home-och-fastighetsuthyrning-i-spanien\/#breadcrumb\",\"itemListElement\":[{\"@type\":\"ListItem\",\"position\":1,\"name\":\"Home\",\"item\":\"https:\/\/selwoholidayhome.com\/sv\/\"},{\"@type\":\"ListItem\",\"position\":2,\"name\":\"Om Selwo Holiday Home &#8211; Fastighetsuthyrning i Spanien\"}]},{\"@type\":\"WebSite\",\"@id\":\"https:\/\/selwoholidayhome.com\/#website\",\"url\":\"https:\/\/selwoholidayhome.com\/\",\"name\":\"Selwo Holiday Home\",\"description\":\"Apartments for rent on the Costa del Sol\",\"publisher\":{\"@id\":\"https:\/\/selwoholidayhome.com\/#organization\"},\"potentialAction\":[{\"@type\":\"SearchAction\",\"target\":{\"@type\":\"EntryPoint\",\"urlTemplate\":\"https:\/\/selwoholidayhome.com\/?s={search_term_string}\"},\"query-input\":{\"@type\":\"PropertyValueSpecification\",\"valueRequired\":true,\"valueName\":\"search_term_string\"}}],\"inLanguage\":\"sv-SE\"},{\"@type\":\"Organization\",\"@id\":\"https:\/\/selwoholidayhome.com\/#organization\",\"name\":\"Selwo Holiday Home\",\"url\":\"https:\/\/selwoholidayhome.com\/\",\"logo\":{\"@type\":\"ImageObject\",\"inLanguage\":\"sv-SE\",\"@id\":\"https:\/\/selwoholidayhome.com\/#\/schema\/logo\/image\/\",\"url\":\"https:\/\/selwoholidayhome.com\/wp-content\/uploads\/2015\/07\/selwo-logo-01.png\",\"contentUrl\":\"https:\/\/selwoholidayhome.com\/wp-content\/uploads\/2015\/07\/selwo-logo-01.png\",\"width\":317,\"height\":201,\"caption\":\"Selwo Holiday Home\"},\"image\":{\"@id\":\"https:\/\/selwoholidayhome.com\/#\/schema\/logo\/image\/\"}}]}<\/script>\n<!-- \/ Yoast SEO plugin. -->","yoast_head_json":{"title":"SELWO HOLIDAY HOME \u2022 Fastighetsuthyrning i Spanien","description":"V\u00e4lkommen till Selwo Holiday Home! Vi arbetar med fastighetsuthyrning i Spanien. Hitta din dr\u00f6mbostad p\u00e5 v\u00e5r hemsida. Vi hyr b\u00e5de p\u00e5 kort och l\u00e5ng tid.","robots":{"index":"index","follow":"follow","max-snippet":"max-snippet:-1","max-image-preview":"max-image-preview:large","max-video-preview":"max-video-preview:-1"},"canonical":"https:\/\/selwoholidayhome.com\/sv\/om-selwo-holiday-home-och-fastighetsuthyrning-i-spanien\/","og_locale":"sv_SE","og_type":"article","og_title":"SELWO HOLIDAY HOME \u2022 Fastighetsuthyrning i Spanien","og_description":"V\u00e4lkommen till Selwo Holiday Home! Vi arbetar med fastighetsuthyrning i Spanien. Hitta din dr\u00f6mbostad p\u00e5 v\u00e5r hemsida. Vi hyr b\u00e5de p\u00e5 kort och l\u00e5ng tid.","og_url":"https:\/\/selwoholidayhome.com\/sv\/om-selwo-holiday-home-och-fastighetsuthyrning-i-spanien\/","og_site_name":"Selwo Holiday Home","article_modified_time":"2025-05-18T10:24:20+00:00","twitter_card":"summary_large_image","twitter_misc":{"Ber\u00e4knad l\u00e4stid":"3 minuter"},"schema":{"@context":"https:\/\/schema.org","@graph":[{"@type":"WebPage","@id":"https:\/\/selwoholidayhome.com\/sv\/om-selwo-holiday-home-och-fastighetsuthyrning-i-spanien\/","url":"https:\/\/selwoholidayhome.com\/sv\/om-selwo-holiday-home-och-fastighetsuthyrning-i-spanien\/","name":"SELWO HOLIDAY HOME \u2022 Fastighetsuthyrning i Spanien","isPartOf":{"@id":"https:\/\/selwoholidayhome.com\/#website"},"datePublished":"2015-07-02T16:04:23+00:00","dateModified":"2025-05-18T10:24:20+00:00","description":"V\u00e4lkommen till Selwo Holiday Home! Vi arbetar med fastighetsuthyrning i Spanien. Hitta din dr\u00f6mbostad p\u00e5 v\u00e5r hemsida. Vi hyr b\u00e5de p\u00e5 kort och l\u00e5ng tid.","breadcrumb":{"@id":"https:\/\/selwoholidayhome.com\/sv\/om-selwo-holiday-home-och-fastighetsuthyrning-i-spanien\/#breadcrumb"},"inLanguage":"sv-SE","potentialAction":[{"@type":"ReadAction","target":["https:\/\/selwoholidayhome.com\/sv\/om-selwo-holiday-home-och-fastighetsuthyrning-i-spanien\/"]}]},{"@type":"BreadcrumbList","@id":"https:\/\/selwoholidayhome.com\/sv\/om-selwo-holiday-home-och-fastighetsuthyrning-i-spanien\/#breadcrumb","itemListElement":[{"@type":"ListItem","position":1,"name":"Home","item":"https:\/\/selwoholidayhome.com\/sv\/"},{"@type":"ListItem","position":2,"name":"Om Selwo Holiday Home &#8211; Fastighetsuthyrning i Spanien"}]},{"@type":"WebSite","@id":"https:\/\/selwoholidayhome.com\/#website","url":"https:\/\/selwoholidayhome.com\/","name":"Selwo Holiday Home","description":"Apartments for rent on the Costa del Sol","publisher":{"@id":"https:\/\/selwoholidayhome.com\/#organization"},"potentialAction":[{"@type":"SearchAction","target":{"@type":"EntryPoint","urlTemplate":"https:\/\/selwoholidayhome.com\/?s={search_term_string}"},"query-input":{"@type":"PropertyValueSpecification","valueRequired":true,"valueName":"search_term_string"}}],"inLanguage":"sv-SE"},{"@type":"Organization","@id":"https:\/\/selwoholidayhome.com\/#organization","name":"Selwo Holiday Home","url":"https:\/\/selwoholidayhome.com\/","logo":{"@type":"ImageObject","inLanguage":"sv-SE","@id":"https:\/\/selwoholidayhome.com\/#\/schema\/logo\/image\/","url":"https:\/\/selwoholidayhome.com\/wp-content\/uploads\/2015\/07\/selwo-logo-01.png","contentUrl":"https:\/\/selwoholidayhome.com\/wp-content\/uploads\/2015\/07\/selwo-logo-01.png","width":317,"height":201,"caption":"Selwo Holiday Home"},"image":{"@id":"https:\/\/selwoholidayhome.com\/#\/schema\/logo\/image\/"}}]}},"_links":{"self":[{"href":"https:\/\/selwoholidayhome.com\/sv\/wp-json\/wp\/v2\/pages\/60","targetHints":{"allow":["GET"]}}],"collection":[{"href":"https:\/\/selwoholidayhome.com\/sv\/wp-json\/wp\/v2\/pages"}],"about":[{"href":"https:\/\/selwoholidayhome.com\/sv\/wp-json\/wp\/v2\/types\/page"}],"author":[{"embeddable":true,"href":"https:\/\/selwoholidayhome.com\/sv\/wp-json\/wp\/v2\/users\/8"}],"replies":[{"embeddable":true,"href":"https:\/\/selwoholidayhome.com\/sv\/wp-json\/wp\/v2\/comments?post=60"}],"version-history":[{"count":51,"href":"https:\/\/selwoholidayhome.com\/sv\/wp-json\/wp\/v2\/pages\/60\/revisions"}],"predecessor-version":[{"id":28507,"href":"https:\/\/selwoholidayhome.com\/sv\/wp-json\/wp\/v2\/pages\/60\/revisions\/28507"}],"wp:attachment":[{"href":"https:\/\/selwoholidayhome.com\/sv\/wp-json\/wp\/v2\/media?parent=60"}],"curies":[{"name":"wp","href":"https:\/\/api.w.org\/{rel}","templated":true}]}}