{"id":33,"date":"2015-07-02T15:51:08","date_gmt":"2015-07-02T15:51:08","guid":{"rendered":"http:\/\/selwoholidayhome.com\/sv\/properties-for-rent-near-marbella\/"},"modified":"2015-09-04T09:39:11","modified_gmt":"2015-09-04T09:39:11","slug":"properties-for-rent-near-marbella","status":"publish","type":"page","link":"https:\/\/selwoholidayhome.com\/sv\/properties-for-rent-near-marbella\/","title":{"rendered":"Lista \u00f6ver Semesterbost\u00e4der n\u00e4ra Marbella"},"content":{"rendered":"","protected":false},"excerpt":{"rendered":"","protected":false},"author":8,"featured_media":0,"parent":0,"menu_order":0,"comment_status":"open","ping_status":"open","template":"","meta":{"footnotes":""},"class_list":["post-33","page","type-page","status-publish","hentry","no-featured"],"yoast_head":"<!-- This site is optimized with the Yoast SEO plugin v26.0 - https:\/\/yoast.com\/wordpress\/plugins\/seo\/ -->\n<title>Semesterbost\u00e4der n\u00e4ra Marbella \u2022 Selwo Holiday Home<\/title>\n<meta name=\"description\" content=\"V\u00e4lkommen till Selwo Holiday Home. Vi hyr ut semesterbost\u00e4der n\u00e4ra Marbella. Hitta din dr\u00f6mbostad genoma att s\u00f6ka p\u00e5 v\u00e5r hemsida. V\u00e4lkommen!\" \/>\n<meta name=\"robots\" content=\"index, follow, max-snippet:-1, max-image-preview:large, max-video-preview:-1\" \/>\n<link rel=\"canonical\" href=\"https:\/\/selwoholidayhome.com\/sv\/properties-for-rent-near-marbella\/\" \/>\n<meta property=\"og:locale\" content=\"sv_SE\" \/>\n<meta property=\"og:type\" content=\"article\" \/>\n<meta property=\"og:title\" content=\"Semesterbost\u00e4der n\u00e4ra Marbella \u2022 Selwo Holiday Home\" \/>\n<meta property=\"og:description\" content=\"V\u00e4lkommen till Selwo Holiday Home. Vi hyr ut semesterbost\u00e4der n\u00e4ra Marbella. Hitta din dr\u00f6mbostad genoma att s\u00f6ka p\u00e5 v\u00e5r hemsida. V\u00e4lkommen!\" \/>\n<meta property=\"og:url\" content=\"https:\/\/selwoholidayhome.com\/sv\/properties-for-rent-near-marbella\/\" \/>\n<meta property=\"og:site_name\" content=\"Selwo Holiday Home\" \/>\n<meta property=\"article:modified_time\" content=\"2015-09-04T09:39:11+00:00\" \/>\n<meta name=\"twitter:card\" content=\"summary_large_image\" \/>\n<script type=\"application\/ld+json\" class=\"yoast-schema-graph\">{\"@context\":\"https:\/\/schema.org\",\"@graph\":[{\"@type\":\"WebPage\",\"@id\":\"https:\/\/selwoholidayhome.com\/sv\/properties-for-rent-near-marbella\/\",\"url\":\"https:\/\/selwoholidayhome.com\/sv\/properties-for-rent-near-marbella\/\",\"name\":\"Semesterbost\u00e4der n\u00e4ra Marbella \u2022 Selwo Holiday Home\",\"isPartOf\":{\"@id\":\"https:\/\/selwoholidayhome.com\/#website\"},\"datePublished\":\"2015-07-02T15:51:08+00:00\",\"dateModified\":\"2015-09-04T09:39:11+00:00\",\"description\":\"V\u00e4lkommen till Selwo Holiday Home. Vi hyr ut semesterbost\u00e4der n\u00e4ra Marbella. Hitta din dr\u00f6mbostad genoma att s\u00f6ka p\u00e5 v\u00e5r hemsida. V\u00e4lkommen!\",\"breadcrumb\":{\"@id\":\"https:\/\/selwoholidayhome.com\/sv\/properties-for-rent-near-marbella\/#breadcrumb\"},\"inLanguage\":\"sv-SE\",\"potentialAction\":[{\"@type\":\"ReadAction\",\"target\":[\"https:\/\/selwoholidayhome.com\/sv\/properties-for-rent-near-marbella\/\"]}]},{\"@type\":\"BreadcrumbList\",\"@id\":\"https:\/\/selwoholidayhome.com\/sv\/properties-for-rent-near-marbella\/#breadcrumb\",\"itemListElement\":[{\"@type\":\"ListItem\",\"position\":1,\"name\":\"Home\",\"item\":\"https:\/\/selwoholidayhome.com\/sv\/\"},{\"@type\":\"ListItem\",\"position\":2,\"name\":\"Lista \u00f6ver Semesterbost\u00e4der n\u00e4ra Marbella\"}]},{\"@type\":\"WebSite\",\"@id\":\"https:\/\/selwoholidayhome.com\/#website\",\"url\":\"https:\/\/selwoholidayhome.com\/\",\"name\":\"Selwo Holiday Home\",\"description\":\"Apartments for rent on the Costa del Sol\",\"publisher\":{\"@id\":\"https:\/\/selwoholidayhome.com\/#organization\"},\"potentialAction\":[{\"@type\":\"SearchAction\",\"target\":{\"@type\":\"EntryPoint\",\"urlTemplate\":\"https:\/\/selwoholidayhome.com\/?s={search_term_string}\"},\"query-input\":{\"@type\":\"PropertyValueSpecification\",\"valueRequired\":true,\"valueName\":\"search_term_string\"}}],\"inLanguage\":\"sv-SE\"},{\"@type\":\"Organization\",\"@id\":\"https:\/\/selwoholidayhome.com\/#organization\",\"name\":\"Selwo Holiday Home\",\"url\":\"https:\/\/selwoholidayhome.com\/\",\"logo\":{\"@type\":\"ImageObject\",\"inLanguage\":\"sv-SE\",\"@id\":\"https:\/\/selwoholidayhome.com\/#\/schema\/logo\/image\/\",\"url\":\"https:\/\/selwoholidayhome.com\/wp-content\/uploads\/2015\/07\/selwo-logo-01.png\",\"contentUrl\":\"https:\/\/selwoholidayhome.com\/wp-content\/uploads\/2015\/07\/selwo-logo-01.png\",\"width\":317,\"height\":201,\"caption\":\"Selwo Holiday Home\"},\"image\":{\"@id\":\"https:\/\/selwoholidayhome.com\/#\/schema\/logo\/image\/\"}}]}<\/script>\n<!-- \/ Yoast SEO plugin. -->","yoast_head_json":{"title":"Semesterbost\u00e4der n\u00e4ra Marbella \u2022 Selwo Holiday Home","description":"V\u00e4lkommen till Selwo Holiday Home. Vi hyr ut semesterbost\u00e4der n\u00e4ra Marbella. Hitta din dr\u00f6mbostad genoma att s\u00f6ka p\u00e5 v\u00e5r hemsida. V\u00e4lkommen!","robots":{"index":"index","follow":"follow","max-snippet":"max-snippet:-1","max-image-preview":"max-image-preview:large","max-video-preview":"max-video-preview:-1"},"canonical":"https:\/\/selwoholidayhome.com\/sv\/properties-for-rent-near-marbella\/","og_locale":"sv_SE","og_type":"article","og_title":"Semesterbost\u00e4der n\u00e4ra Marbella \u2022 Selwo Holiday Home","og_description":"V\u00e4lkommen till Selwo Holiday Home. Vi hyr ut semesterbost\u00e4der n\u00e4ra Marbella. Hitta din dr\u00f6mbostad genoma att s\u00f6ka p\u00e5 v\u00e5r hemsida. V\u00e4lkommen!","og_url":"https:\/\/selwoholidayhome.com\/sv\/properties-for-rent-near-marbella\/","og_site_name":"Selwo Holiday Home","article_modified_time":"2015-09-04T09:39:11+00:00","twitter_card":"summary_large_image","schema":{"@context":"https:\/\/schema.org","@graph":[{"@type":"WebPage","@id":"https:\/\/selwoholidayhome.com\/sv\/properties-for-rent-near-marbella\/","url":"https:\/\/selwoholidayhome.com\/sv\/properties-for-rent-near-marbella\/","name":"Semesterbost\u00e4der n\u00e4ra Marbella \u2022 Selwo Holiday Home","isPartOf":{"@id":"https:\/\/selwoholidayhome.com\/#website"},"datePublished":"2015-07-02T15:51:08+00:00","dateModified":"2015-09-04T09:39:11+00:00","description":"V\u00e4lkommen till Selwo Holiday Home. Vi hyr ut semesterbost\u00e4der n\u00e4ra Marbella. Hitta din dr\u00f6mbostad genoma att s\u00f6ka p\u00e5 v\u00e5r hemsida. V\u00e4lkommen!","breadcrumb":{"@id":"https:\/\/selwoholidayhome.com\/sv\/properties-for-rent-near-marbella\/#breadcrumb"},"inLanguage":"sv-SE","potentialAction":[{"@type":"ReadAction","target":["https:\/\/selwoholidayhome.com\/sv\/properties-for-rent-near-marbella\/"]}]},{"@type":"BreadcrumbList","@id":"https:\/\/selwoholidayhome.com\/sv\/properties-for-rent-near-marbella\/#breadcrumb","itemListElement":[{"@type":"ListItem","position":1,"name":"Home","item":"https:\/\/selwoholidayhome.com\/sv\/"},{"@type":"ListItem","position":2,"name":"Lista \u00f6ver Semesterbost\u00e4der n\u00e4ra Marbella"}]},{"@type":"WebSite","@id":"https:\/\/selwoholidayhome.com\/#website","url":"https:\/\/selwoholidayhome.com\/","name":"Selwo Holiday Home","description":"Apartments for rent on the Costa del Sol","publisher":{"@id":"https:\/\/selwoholidayhome.com\/#organization"},"potentialAction":[{"@type":"SearchAction","target":{"@type":"EntryPoint","urlTemplate":"https:\/\/selwoholidayhome.com\/?s={search_term_string}"},"query-input":{"@type":"PropertyValueSpecification","valueRequired":true,"valueName":"search_term_string"}}],"inLanguage":"sv-SE"},{"@type":"Organization","@id":"https:\/\/selwoholidayhome.com\/#organization","name":"Selwo Holiday Home","url":"https:\/\/selwoholidayhome.com\/","logo":{"@type":"ImageObject","inLanguage":"sv-SE","@id":"https:\/\/selwoholidayhome.com\/#\/schema\/logo\/image\/","url":"https:\/\/selwoholidayhome.com\/wp-content\/uploads\/2015\/07\/selwo-logo-01.png","contentUrl":"https:\/\/selwoholidayhome.com\/wp-content\/uploads\/2015\/07\/selwo-logo-01.png","width":317,"height":201,"caption":"Selwo Holiday Home"},"image":{"@id":"https:\/\/selwoholidayhome.com\/#\/schema\/logo\/image\/"}}]}},"_links":{"self":[{"href":"https:\/\/selwoholidayhome.com\/sv\/wp-json\/wp\/v2\/pages\/33","targetHints":{"allow":["GET"]}}],"collection":[{"href":"https:\/\/selwoholidayhome.com\/sv\/wp-json\/wp\/v2\/pages"}],"about":[{"href":"https:\/\/selwoholidayhome.com\/sv\/wp-json\/wp\/v2\/types\/page"}],"author":[{"embeddable":true,"href":"https:\/\/selwoholidayhome.com\/sv\/wp-json\/wp\/v2\/users\/8"}],"replies":[{"embeddable":true,"href":"https:\/\/selwoholidayhome.com\/sv\/wp-json\/wp\/v2\/comments?post=33"}],"version-history":[{"count":5,"href":"https:\/\/selwoholidayhome.com\/sv\/wp-json\/wp\/v2\/pages\/33\/revisions"}],"predecessor-version":[{"id":8161,"href":"https:\/\/selwoholidayhome.com\/sv\/wp-json\/wp\/v2\/pages\/33\/revisions\/8161"}],"wp:attachment":[{"href":"https:\/\/selwoholidayhome.com\/sv\/wp-json\/wp\/v2\/media?parent=33"}],"curies":[{"name":"wp","href":"https:\/\/api.w.org\/{rel}","templated":true}]}}